
   
{"id":153,"date":"2019-12-14T18:16:47","date_gmt":"2019-12-14T17:16:47","guid":{"rendered":"http:\/\/codeurs-sans-frontieres.org\/?page_id=153"},"modified":"2024-01-09T16:43:32","modified_gmt":"2024-01-09T15:43:32","slug":"cours","status":"publish","type":"page","link":"https:\/\/codeurs-sans-frontieres.org\/?page_id=153","title":{"rendered":"Enseignement"},"content":{"rendered":"\n<div class=\"wp-block-image\"><figure class=\"aligncenter size-large is-resized\"><img loading=\"lazy\" src=\"http:\/\/codeurs-sans-frontieres.org\/wp-content\/uploads\/2019\/12\/underConstruction-4.png\" alt=\"\" class=\"wp-image-219\" width=\"88\" height=\"70\"\/><\/figure><\/div>\n\n\n\n<p class=\"has-large-font-size\"><strong>Langages <\/strong><\/p>\n\n\n\n<p class=\"has-normal-font-size\">Acc\u00e8s \u00e0 des tutoriaux et travaux pratiques pour les langages :  <\/p>\n\n\n\n<p class=\"has-normal-font-size\">HTML &#8211; CSS, <\/p>\n\n\n\n<p class=\"has-normal-font-size\">JavaScript, <\/p>\n\n\n\n<p class=\"has-normal-font-size\">PHP-MySQL<\/p>\n\n\n\n<p class=\"has-large-font-size\"><strong><a href=\"http:\/\/codeurs-sans-frontieres.org\/?page_id=161\" target=\"_blank\" rel=\"noreferrer noopener\">M\u00e9thodes de d\u00e9veloppement<\/a><\/strong><\/p>\n\n\n\n<p>A compl\u00e9ter &#8230;.<\/p>\n\n\n\n<p class=\"has-large-font-size\"><strong><a href=\"http:\/\/codeurs-sans-frontieres.org\/?page_id=155\" target=\"_blank\" rel=\"noreferrer noopener\">Projets d\u00e9velopp\u00e9s<\/a><\/strong><\/p>\n","protected":false},"excerpt":{"rendered":"<p>Langages Acc\u00e8s \u00e0 des tutoriaux et travaux pratiques pour les langages : HTML &#8211; CSS, JavaScript, PHP-MySQL M\u00e9thodes de d\u00e9veloppement A compl\u00e9ter &#8230;. Projets d\u00e9velopp\u00e9s<\/p>\n","protected":false},"author":1,"featured_media":0,"parent":71,"menu_order":0,"comment_status":"closed","ping_status":"closed","template":"","meta":{"spay_email":""},"jetpack-related-posts":[{"id":155,"url":"https:\/\/codeurs-sans-frontieres.org\/?page_id=155","url_meta":{"origin":153,"position":0},"title":"Projets d\u00e9velopp\u00e9s","date":"14 d\u00e9cembre 2019","format":false,"excerpt":"Voici quelques exemples de projets d\u00e9velopp\u00e9s ou en cours de d\u00e9veloppement : Applications disponibles : Exemple simple d'acc\u00e8s \u00e0 une base de donn\u00e9es MySQL (une seule table) Site de pr\u00e9sentation du CFP \u00e0 Ziguinchor (Site statique)Gestion des inscriptions d'un \u00e9tablissement (Site dynamique, connexion \u00e0 MySQL-PHP) Applications de E-Commerce Documents projet\u2026","rel":"","context":"Article similaire","img":{"alt_text":"","src":"","width":0,"height":0},"classes":[]},{"id":186,"url":"https:\/\/codeurs-sans-frontieres.org\/?page_id=186","url_meta":{"origin":153,"position":1},"title":"Base de donn\u00e9es MySQL PHP","date":"14 d\u00e9cembre 2019","format":false,"excerpt":"","rel":"","context":"Article similaire","img":{"alt_text":"","src":"","width":0,"height":0},"classes":[]},{"id":182,"url":"https:\/\/codeurs-sans-frontieres.org\/?page_id=182","url_meta":{"origin":153,"position":2},"title":"HTML &#8211; CSS","date":"14 d\u00e9cembre 2019","format":false,"excerpt":"Activit\u00e9s d'initiation R\u00e9cup\u00e9rer ici les premi\u00e8res fiches d'activit\u00e9s, des exemples de codes d'initiation, une documentation sur HTML et CSS, un installeur de l'\u00e9diteur NotePadd++.","rel":"","context":"Article similaire","img":{"alt_text":"","src":"","width":0,"height":0},"classes":[]},{"id":184,"url":"https:\/\/codeurs-sans-frontieres.org\/?page_id=184","url_meta":{"origin":153,"position":3},"title":"JavaScript","date":"14 d\u00e9cembre 2019","format":false,"excerpt":"","rel":"","context":"Article similaire","img":{"alt_text":"","src":"","width":0,"height":0},"classes":[]},{"id":71,"url":"https:\/\/codeurs-sans-frontieres.org\/?page_id=71","url_meta":{"origin":153,"position":4},"title":"La formation au num\u00e9rique","date":"13 d\u00e9cembre 2019","format":false,"excerpt":"Le r\u00e9f\u00e9rentiel de la formation Les cours et travaux pratiques Les projets d\u00e9velopp\u00e9s","rel":"","context":"Article similaire","img":{"alt_text":"","src":"","width":0,"height":0},"classes":[]},{"id":490,"url":"https:\/\/codeurs-sans-frontieres.org\/?page_id=490","url_meta":{"origin":153,"position":5},"title":"Acc\u00e8s aux stock","date":"3 f\u00e9vrier 2021","format":false,"excerpt":"Test d'acc\u00e8s au stock","rel":"","context":"Article similaire","img":{"alt_text":"","src":"","width":0,"height":0},"classes":[]}],"_links":{"self":[{"href":"https:\/\/codeurs-sans-frontieres.org\/index.php?rest_route=\/wp\/v2\/pages\/153"}],"collection":[{"href":"https:\/\/codeurs-sans-frontieres.org\/index.php?rest_route=\/wp\/v2\/pages"}],"about":[{"href":"https:\/\/codeurs-sans-frontieres.org\/index.php?rest_route=\/wp\/v2\/types\/page"}],"author":[{"embeddable":true,"href":"https:\/\/codeurs-sans-frontieres.org\/index.php?rest_route=\/wp\/v2\/users\/1"}],"replies":[{"embeddable":true,"href":"https:\/\/codeurs-sans-frontieres.org\/index.php?rest_route=%2Fwp%2Fv2%2Fcomments&post=153"}],"version-history":[{"count":0,"href":"https:\/\/codeurs-sans-frontieres.org\/index.php?rest_route=\/wp\/v2\/pages\/153\/revisions"}],"up":[{"embeddable":true,"href":"https:\/\/codeurs-sans-frontieres.org\/index.php?rest_route=\/wp\/v2\/pages\/71"}],"wp:attachment":[{"href":"https:\/\/codeurs-sans-frontieres.org\/index.php?rest_route=%2Fwp%2Fv2%2Fmedia&parent=153"}],"curies":[{"name":"wp","href":"https:\/\/api.w.org\/{rel}","templated":true}]}}