
   
{"id":155,"date":"2019-12-14T18:17:14","date_gmt":"2019-12-14T17:17:14","guid":{"rendered":"http:\/\/codeurs-sans-frontieres.org\/?page_id=155"},"modified":"2021-01-27T16:32:18","modified_gmt":"2021-01-27T15:32:18","slug":"projets-developpes","status":"publish","type":"page","link":"https:\/\/codeurs-sans-frontieres.org\/?page_id=155","title":{"rendered":"Projets d\u00e9velopp\u00e9s"},"content":{"rendered":"\n<p>Voici quelques exemples de projets d\u00e9velopp\u00e9s ou en cours de d\u00e9veloppement : <\/p>\n\n\n\n<p class=\"has-medium-font-size\"><strong>Applications disponibles :<\/strong><\/p>\n\n\n\n<ul><li><strong><a rel=\"noreferrer noopener\" href=\"https:\/\/codeurs-sans-frontieres.org\/TestPhil_csf\/Test_Participants\" target=\"_blank\">Exemple simple d&rsquo;acc\u00e8s \u00e0 une base de donn\u00e9es MySQL (une seule table)<\/a><\/strong> <\/li><li><strong><a href=\"https:\/\/codeurs-sans-frontieres.org\/site_cfpzig\">Site de pr\u00e9sentation du CFP \u00e0 Ziguinchor (Site statique)<\/a><\/strong><\/li><li><a href=\"https:\/\/codeurs-sans-frontieres.org\/Test_Inscription_csf\"><strong>Gestion des inscriptions d&rsquo;un \u00e9tablissement (Site dynamique, connexion \u00e0 MySQL-PHP)<\/strong><\/a><\/li><\/ul>\n\n\n\n<p class=\"has-medium-font-size\"><strong>Applications de E-Commerce<\/strong><\/p>\n\n\n\n<p><\/p>\n\n\n\n<p><a href=\"http:\/\/codeurs-sans-frontieres.org\/?page_id=405\" target=\"_blank\" rel=\"noreferrer noopener\" aria-label=\"Documents projet AS (s\u2019ouvre dans un nouvel onglet)\">Documents projet AS<\/a><\/p>\n\n\n\n<p><a href=\"http:\/\/codeurs-sans-frontieres.org\/?page_id=372\">APPLI e-commerce (<\/a>Test de l&rsquo;int\u00e9gration de WooCommerce, en cours)<\/p>\n\n\n\n<p><\/p>\n\n\n\n<p class=\"has-medium-font-size\"> <strong>Applications en d\u00e9veloppement :<\/strong> <\/p>\n\n\n\n<p>Site de pr\u00e9sentation des campements villageois (descriptif, gestion de r\u00e9servations)<\/p>\n\n\n\n<p>Site de pr\u00e9sentation de l&rsquo;atelier de production d&rsquo;\u00e9co-fourneaux \u00e0 Baila <\/p>\n","protected":false},"excerpt":{"rendered":"<p>Voici quelques exemples de projets d\u00e9velopp\u00e9s ou en cours de d\u00e9veloppement : Applications disponibles : Exemple simple d&rsquo;acc\u00e8s \u00e0 une base de donn\u00e9es MySQL (une seule table) Site de pr\u00e9sentation du CFP \u00e0 Ziguinchor (Site statique) Gestion des inscriptions d&rsquo;un \u00e9tablissement (Site dynamique, connexion \u00e0 MySQL-PHP) Applications de E-Commerce Documents projet AS APPLI e-commerce (Test<\/p><\/div>\n<div class=\"blog-btn\"><a href=\"https:\/\/codeurs-sans-frontieres.org\/?page_id=155\" class=\"home-blog-btn\">Lire la suite<\/a><\/p>\n","protected":false},"author":1,"featured_media":0,"parent":153,"menu_order":0,"comment_status":"closed","ping_status":"closed","template":"","meta":{"spay_email":""},"jetpack-related-posts":[{"id":153,"url":"https:\/\/codeurs-sans-frontieres.org\/?page_id=153","url_meta":{"origin":155,"position":0},"title":"Enseignement","date":"14 d\u00e9cembre 2019","format":false,"excerpt":"Langages Acc\u00e8s \u00e0 des tutoriaux et travaux pratiques pour les langages : HTML - CSS, JavaScript, PHP-MySQL M\u00e9thodes de d\u00e9veloppement A compl\u00e9ter .... Projets d\u00e9velopp\u00e9s","rel":"","context":"Article similaire","img":{"alt_text":"","src":"","width":0,"height":0},"classes":[]},{"id":358,"url":"https:\/\/codeurs-sans-frontieres.org\/?page_id=358","url_meta":{"origin":155,"position":1},"title":"Panier","date":"19 mai 2020","format":false,"excerpt":"","rel":"","context":"Article similaire","img":{"alt_text":"","src":"","width":0,"height":0},"classes":[]},{"id":360,"url":"https:\/\/codeurs-sans-frontieres.org\/?page_id=360","url_meta":{"origin":155,"position":2},"title":"Mon compte","date":"19 mai 2020","format":false,"excerpt":"","rel":"","context":"Article similaire","img":{"alt_text":"","src":"","width":0,"height":0},"classes":[]},{"id":359,"url":"https:\/\/codeurs-sans-frontieres.org\/?page_id=359","url_meta":{"origin":155,"position":3},"title":"Validation de la commande","date":"19 mai 2020","format":false,"excerpt":"","rel":"","context":"Article similaire","img":{"alt_text":"","src":"","width":0,"height":0},"classes":[]},{"id":357,"url":"https:\/\/codeurs-sans-frontieres.org\/?page_id=357","url_meta":{"origin":155,"position":4},"title":"Boutique","date":"19 mai 2020","format":false,"excerpt":"Les produitsAchats aux producteursLe stock et les recettesLes ventes aux clients","rel":"","context":"Article similaire","img":{"alt_text":"","src":"","width":0,"height":0},"classes":[]},{"id":372,"url":"https:\/\/codeurs-sans-frontieres.org\/?page_id=372","url_meta":{"origin":155,"position":5},"title":"Page d&rsquo;accueil de l&rsquo;appli de E-Commerce (Casa Ecologie)","date":"19 mai 2020","format":false,"excerpt":"Achat par cat\u00e9gorie Nouveaut\u00e9s Produits pr\u00e9f\u00e9r\u00e9s de vos clients En vente Meilleurs produits","rel":"","context":"Article similaire","img":{"alt_text":"","src":"","width":0,"height":0},"classes":[]}],"_links":{"self":[{"href":"https:\/\/codeurs-sans-frontieres.org\/index.php?rest_route=\/wp\/v2\/pages\/155"}],"collection":[{"href":"https:\/\/codeurs-sans-frontieres.org\/index.php?rest_route=\/wp\/v2\/pages"}],"about":[{"href":"https:\/\/codeurs-sans-frontieres.org\/index.php?rest_route=\/wp\/v2\/types\/page"}],"author":[{"embeddable":true,"href":"https:\/\/codeurs-sans-frontieres.org\/index.php?rest_route=\/wp\/v2\/users\/1"}],"replies":[{"embeddable":true,"href":"https:\/\/codeurs-sans-frontieres.org\/index.php?rest_route=%2Fwp%2Fv2%2Fcomments&post=155"}],"version-history":[{"count":0,"href":"https:\/\/codeurs-sans-frontieres.org\/index.php?rest_route=\/wp\/v2\/pages\/155\/revisions"}],"up":[{"embeddable":true,"href":"https:\/\/codeurs-sans-frontieres.org\/index.php?rest_route=\/wp\/v2\/pages\/153"}],"wp:attachment":[{"href":"https:\/\/codeurs-sans-frontieres.org\/index.php?rest_route=%2Fwp%2Fv2%2Fmedia&parent=155"}],"curies":[{"name":"wp","href":"https:\/\/api.w.org\/{rel}","templated":true}]}}