
   
{"id":161,"date":"2019-12-14T18:18:49","date_gmt":"2019-12-14T17:18:49","guid":{"rendered":"http:\/\/codeurs-sans-frontieres.org\/?page_id=161"},"modified":"2020-05-30T13:52:03","modified_gmt":"2020-05-30T11:52:03","slug":"methodes-de-developpement","status":"publish","type":"page","link":"https:\/\/codeurs-sans-frontieres.org\/?page_id=161","title":{"rendered":"M\u00e9thodes de d\u00e9veloppement"},"content":{"rendered":"\n<div class=\"wp-block-image\"><figure class=\"aligncenter size-large\"><img loading=\"lazy\" width=\"163\" height=\"130\" src=\"http:\/\/codeurs-sans-frontieres.org\/wp-content\/uploads\/2019\/12\/underConstruction-4.png\" alt=\"\" class=\"wp-image-219\"\/><\/figure><\/div>\n","protected":false},"excerpt":{"rendered":"","protected":false},"author":1,"featured_media":0,"parent":153,"menu_order":0,"comment_status":"closed","ping_status":"closed","template":"","meta":{"spay_email":""},"jetpack-related-posts":[{"id":153,"url":"https:\/\/codeurs-sans-frontieres.org\/?page_id=153","url_meta":{"origin":161,"position":0},"title":"Enseignement","date":"14 d\u00e9cembre 2019","format":false,"excerpt":"Langages Acc\u00e8s \u00e0 des tutoriaux et travaux pratiques pour les langages : HTML - CSS, JavaScript, PHP-MySQL M\u00e9thodes de d\u00e9veloppement A compl\u00e9ter .... Projets d\u00e9velopp\u00e9s","rel":"","context":"Article similaire","img":{"alt_text":"","src":"","width":0,"height":0},"classes":[]},{"id":155,"url":"https:\/\/codeurs-sans-frontieres.org\/?page_id=155","url_meta":{"origin":161,"position":1},"title":"Projets d\u00e9velopp\u00e9s","date":"14 d\u00e9cembre 2019","format":false,"excerpt":"Voici quelques exemples de projets d\u00e9velopp\u00e9s ou en cours de d\u00e9veloppement : Applications disponibles : Exemple simple d'acc\u00e8s \u00e0 une base de donn\u00e9es MySQL (une seule table) Site de pr\u00e9sentation du CFP \u00e0 Ziguinchor (Site statique)Gestion des inscriptions d'un \u00e9tablissement (Site dynamique, connexion \u00e0 MySQL-PHP) Applications de E-Commerce Documents projet\u2026","rel":"","context":"Article similaire","img":{"alt_text":"","src":"","width":0,"height":0},"classes":[]},{"id":358,"url":"https:\/\/codeurs-sans-frontieres.org\/?page_id=358","url_meta":{"origin":161,"position":2},"title":"Panier","date":"19 mai 2020","format":false,"excerpt":"","rel":"","context":"Article similaire","img":{"alt_text":"","src":"","width":0,"height":0},"classes":[]},{"id":360,"url":"https:\/\/codeurs-sans-frontieres.org\/?page_id=360","url_meta":{"origin":161,"position":3},"title":"Mon compte","date":"19 mai 2020","format":false,"excerpt":"","rel":"","context":"Article similaire","img":{"alt_text":"","src":"","width":0,"height":0},"classes":[]},{"id":359,"url":"https:\/\/codeurs-sans-frontieres.org\/?page_id=359","url_meta":{"origin":161,"position":4},"title":"Validation de la commande","date":"19 mai 2020","format":false,"excerpt":"","rel":"","context":"Article similaire","img":{"alt_text":"","src":"","width":0,"height":0},"classes":[]},{"id":357,"url":"https:\/\/codeurs-sans-frontieres.org\/?page_id=357","url_meta":{"origin":161,"position":5},"title":"Boutique","date":"19 mai 2020","format":false,"excerpt":"Les produitsAchats aux producteursLe stock et les recettesLes ventes aux clients","rel":"","context":"Article similaire","img":{"alt_text":"","src":"","width":0,"height":0},"classes":[]}],"_links":{"self":[{"href":"https:\/\/codeurs-sans-frontieres.org\/index.php?rest_route=\/wp\/v2\/pages\/161"}],"collection":[{"href":"https:\/\/codeurs-sans-frontieres.org\/index.php?rest_route=\/wp\/v2\/pages"}],"about":[{"href":"https:\/\/codeurs-sans-frontieres.org\/index.php?rest_route=\/wp\/v2\/types\/page"}],"author":[{"embeddable":true,"href":"https:\/\/codeurs-sans-frontieres.org\/index.php?rest_route=\/wp\/v2\/users\/1"}],"replies":[{"embeddable":true,"href":"https:\/\/codeurs-sans-frontieres.org\/index.php?rest_route=%2Fwp%2Fv2%2Fcomments&post=161"}],"version-history":[{"count":0,"href":"https:\/\/codeurs-sans-frontieres.org\/index.php?rest_route=\/wp\/v2\/pages\/161\/revisions"}],"up":[{"embeddable":true,"href":"https:\/\/codeurs-sans-frontieres.org\/index.php?rest_route=\/wp\/v2\/pages\/153"}],"wp:attachment":[{"href":"https:\/\/codeurs-sans-frontieres.org\/index.php?rest_route=%2Fwp%2Fv2%2Fmedia&parent=161"}],"curies":[{"name":"wp","href":"https:\/\/api.w.org\/{rel}","templated":true}]}}