
   
{"id":186,"date":"2019-12-14T18:57:52","date_gmt":"2019-12-14T17:57:52","guid":{"rendered":"http:\/\/codeurs-sans-frontieres.org\/?page_id=186"},"modified":"2021-01-27T16:16:57","modified_gmt":"2021-01-27T15:16:57","slug":"base-de-donnees-mysql-php","status":"publish","type":"page","link":"https:\/\/codeurs-sans-frontieres.org\/?page_id=186","title":{"rendered":"Base de donn\u00e9es MySQL PHP"},"content":{"rendered":"\n<div class=\"wp-block-image\"><figure class=\"aligncenter size-large\"><img loading=\"lazy\" width=\"163\" height=\"130\" src=\"http:\/\/codeurs-sans-frontieres.org\/wp-content\/uploads\/2019\/12\/underConstruction-4.png\" alt=\"\" class=\"wp-image-219\"\/><\/figure><\/div>\n","protected":false},"excerpt":{"rendered":"","protected":false},"author":1,"featured_media":0,"parent":153,"menu_order":0,"comment_status":"closed","ping_status":"closed","template":"","meta":{"spay_email":""},"jetpack-related-posts":[{"id":155,"url":"https:\/\/codeurs-sans-frontieres.org\/?page_id=155","url_meta":{"origin":186,"position":0},"title":"Projets d\u00e9velopp\u00e9s","date":"14 d\u00e9cembre 2019","format":false,"excerpt":"Voici quelques exemples de projets d\u00e9velopp\u00e9s ou en cours de d\u00e9veloppement : Applications disponibles : Exemple simple d'acc\u00e8s \u00e0 une base de donn\u00e9es MySQL (une seule table) Site de pr\u00e9sentation du CFP \u00e0 Ziguinchor (Site statique)Gestion des inscriptions d'un \u00e9tablissement (Site dynamique, connexion \u00e0 MySQL-PHP) Applications de E-Commerce Documents projet\u2026","rel":"","context":"Article similaire","img":{"alt_text":"","src":"","width":0,"height":0},"classes":[]},{"id":153,"url":"https:\/\/codeurs-sans-frontieres.org\/?page_id=153","url_meta":{"origin":186,"position":1},"title":"Enseignement","date":"14 d\u00e9cembre 2019","format":false,"excerpt":"Langages Acc\u00e8s \u00e0 des tutoriaux et travaux pratiques pour les langages : HTML - CSS, JavaScript, PHP-MySQL M\u00e9thodes de d\u00e9veloppement A compl\u00e9ter .... Projets d\u00e9velopp\u00e9s","rel":"","context":"Article similaire","img":{"alt_text":"","src":"","width":0,"height":0},"classes":[]},{"id":505,"url":"https:\/\/codeurs-sans-frontieres.org\/?page_id=505","url_meta":{"origin":186,"position":2},"title":"Qu&rsquo;est ce qu&rsquo;un club informatique","date":"10 f\u00e9vrier 2022","format":false,"excerpt":"Un h\u00e9bergement (un local \u00e0 disposition dans un centre de formation ou lou\u00e9) Deux formateurs (temps plein, recrut\u00e9s et r\u00e9mun\u00e9r\u00e9s) et une vingtaine d'apprenants Un budget de 4 500 euros annuel pour faire fonctionner le club (bas\u00e9 sur 500 h de formation, cours, TP, projet)","rel":"","context":"Article similaire","img":{"alt_text":"","src":"https:\/\/i0.wp.com\/codeurs-sans-frontieres.org\/wp-content\/uploads\/2022\/02\/20211108_082153.jpg?resize=350%2C200&ssl=1","width":350,"height":200},"classes":[]}],"_links":{"self":[{"href":"https:\/\/codeurs-sans-frontieres.org\/index.php?rest_route=\/wp\/v2\/pages\/186"}],"collection":[{"href":"https:\/\/codeurs-sans-frontieres.org\/index.php?rest_route=\/wp\/v2\/pages"}],"about":[{"href":"https:\/\/codeurs-sans-frontieres.org\/index.php?rest_route=\/wp\/v2\/types\/page"}],"author":[{"embeddable":true,"href":"https:\/\/codeurs-sans-frontieres.org\/index.php?rest_route=\/wp\/v2\/users\/1"}],"replies":[{"embeddable":true,"href":"https:\/\/codeurs-sans-frontieres.org\/index.php?rest_route=%2Fwp%2Fv2%2Fcomments&post=186"}],"version-history":[{"count":0,"href":"https:\/\/codeurs-sans-frontieres.org\/index.php?rest_route=\/wp\/v2\/pages\/186\/revisions"}],"up":[{"embeddable":true,"href":"https:\/\/codeurs-sans-frontieres.org\/index.php?rest_route=\/wp\/v2\/pages\/153"}],"wp:attachment":[{"href":"https:\/\/codeurs-sans-frontieres.org\/index.php?rest_route=%2Fwp%2Fv2%2Fmedia&parent=186"}],"curies":[{"name":"wp","href":"https:\/\/api.w.org\/{rel}","templated":true}]}}