
   
{"id":24,"date":"2019-12-13T16:32:36","date_gmt":"2019-12-13T15:32:36","guid":{"rendered":"http:\/\/codeurs-sans-frontieres.org\/?page_id=24"},"modified":"2026-01-18T15:13:24","modified_gmt":"2026-01-18T14:13:24","slug":"codeurs-sans-frontieres","status":"publish","type":"page","link":"https:\/\/codeurs-sans-frontieres.org\/","title":{"rendered":"Association \u00ab\u00a0Codeuses Codeurs Sans Fronti\u00e8res\u00a0\u00bb"},"content":{"rendered":"\n<p class=\"has-vivid-cyan-blue-color has-text-color has-medium-font-size\"><strong>Un r\u00e9seau de clubs informatiques en Casamance pour :<\/strong><\/p>\n\n\n\n<p class=\"has-normal-font-size\"><strong>Accompagner des partenaires dans le domaine de la formation au  num\u00e9rique<\/strong> (<strong>Apprentissage au codage informatique<\/strong>)<\/p>\n\n\n\n<p class=\"has-normal-font-size\"><strong>Aider \u00e0 former des jeunes,  filles et gar\u00e7ons, aux m\u00e9tiers du num\u00e9rique et de l\u2019internet <\/strong><\/p>\n\n\n\n<p class=\"has-normal-font-size\"><strong>Transmettre des comp\u00e9tences pour pouvoir d\u00e9velopper, sur leurs  territoires, des activit\u00e9s professionnelles   <\/strong><\/p>\n\n\n\n<p><\/p>\n\n\n\n<div class=\"wp-block-media-text alignwide has-media-on-the-right is-stacked-on-mobile\"><figure class=\"wp-block-media-text__media\"><img loading=\"lazy\" width=\"1024\" height=\"576\" src=\"http:\/\/codeurs-sans-frontieres.org\/wp-content\/uploads\/2022\/02\/grpeFilles1-1024x576.jpg\" alt=\"\" class=\"wp-image-499 size-full\" srcset=\"https:\/\/codeurs-sans-frontieres.org\/wp-content\/uploads\/2022\/02\/grpeFilles1-1024x576.jpg 1024w, https:\/\/codeurs-sans-frontieres.org\/wp-content\/uploads\/2022\/02\/grpeFilles1-300x169.jpg 300w, https:\/\/codeurs-sans-frontieres.org\/wp-content\/uploads\/2022\/02\/grpeFilles1-768x432.jpg 768w, https:\/\/codeurs-sans-frontieres.org\/wp-content\/uploads\/2022\/02\/grpeFilles1-1536x864.jpg 1536w, https:\/\/codeurs-sans-frontieres.org\/wp-content\/uploads\/2022\/02\/grpeFilles1-600x338.jpg 600w, https:\/\/codeurs-sans-frontieres.org\/wp-content\/uploads\/2022\/02\/grpeFilles1-107x60.jpg 107w, https:\/\/codeurs-sans-frontieres.org\/wp-content\/uploads\/2022\/02\/grpeFilles1-160x90.jpg 160w, https:\/\/codeurs-sans-frontieres.org\/wp-content\/uploads\/2022\/02\/grpeFilles1.jpg 2048w\" sizes=\"(max-width: 1024px) 100vw, 1024px\" \/><\/figure><div class=\"wp-block-media-text__content\">\n<p class=\"has-vivid-cyan-blue-color has-text-color has-medium-font-size\"><strong><a href=\"http:\/\/codeurs-sans-frontieres.org\/?page_id=505\">Qu&rsquo;est ce qu&rsquo;un club informatique ?<\/a><\/strong><\/p>\n<\/div><\/div>\n\n\n\n<p class=\"has-normal-font-size\"><\/p>\n\n\n\n<p class=\"has-medium-font-size\">Projet r\u00e9alis\u00e9 en \u00e9troite collaboration avec l&rsquo;<strong><a href=\"http:\/\/www.univ-zig.sn\">Universit\u00e9 Asane Seck de Ziguinchor<\/a><\/strong> (UASZ) et l&rsquo;ONG <strong><a href=\"http:\/\/www.gref.asso.fr\">GRoupement des Educateurs Sans Fronti\u00e8res<\/a> <\/strong>(GREF)<\/p>\n\n\n\n<p> <\/p>\n\n\n\n<p><strong>Les partenaires qui nous soutiennent<\/strong> <\/p>\n\n\n\n<figure class=\"wp-block-image size-full\"><img loading=\"lazy\" width=\"960\" height=\"304\" src=\"https:\/\/codeurs-sans-frontieres.org\/wp-content\/uploads\/2026\/01\/soutiens_FCI-1.png\" alt=\"\" class=\"wp-image-573\" srcset=\"https:\/\/codeurs-sans-frontieres.org\/wp-content\/uploads\/2026\/01\/soutiens_FCI-1.png 960w, https:\/\/codeurs-sans-frontieres.org\/wp-content\/uploads\/2026\/01\/soutiens_FCI-1-300x95.png 300w, https:\/\/codeurs-sans-frontieres.org\/wp-content\/uploads\/2026\/01\/soutiens_FCI-1-768x243.png 768w, https:\/\/codeurs-sans-frontieres.org\/wp-content\/uploads\/2026\/01\/soutiens_FCI-1-600x190.png 600w, https:\/\/codeurs-sans-frontieres.org\/wp-content\/uploads\/2026\/01\/soutiens_FCI-1-190x60.png 190w, https:\/\/codeurs-sans-frontieres.org\/wp-content\/uploads\/2026\/01\/soutiens_FCI-1-284x90.png 284w\" sizes=\"(max-width: 960px) 100vw, 960px\" \/><\/figure>\n\n\n\n<p style=\"font-size:8px\"><a href=\"http:\/\/codeurs-sans-frontieres.org\/?page_id=267\">Priv\u00e9<\/a><\/p>\n","protected":false},"excerpt":{"rendered":"<p>Un r\u00e9seau de clubs informatiques en Casamance pour : Accompagner des partenaires dans le domaine de la formation au num\u00e9rique (Apprentissage au codage informatique) Aider \u00e0 former des jeunes, filles et gar\u00e7ons, aux m\u00e9tiers du num\u00e9rique et de l\u2019internet Transmettre des comp\u00e9tences pour pouvoir d\u00e9velopper, sur leurs territoires, des activit\u00e9s professionnelles Qu&rsquo;est ce qu&rsquo;un club<\/p><\/div>\n<div class=\"blog-btn\"><a href=\"https:\/\/codeurs-sans-frontieres.org\/\" class=\"home-blog-btn\">Lire la suite<\/a><\/p>\n","protected":false},"author":1,"featured_media":0,"parent":0,"menu_order":1,"comment_status":"open","ping_status":"closed","template":"","meta":{"spay_email":""},"jetpack-related-posts":[{"id":67,"url":"https:\/\/codeurs-sans-frontieres.org\/?page_id=67","url_meta":{"origin":24,"position":0},"title":"F\u00e9d\u00e9ration de Clubs Informatique (FCI)","date":"13 d\u00e9cembre 2019","format":false,"excerpt":"\u00ab Accompagner les Centres de Formation Professionnelle de Casamance vers les opportunit\u00e9s num\u00e9riques \u00bb (S\u00e9n\u00e9gal) \u00bb Vers une F\u00e9d\u00e9ration de Clubs Informatique (FCI) La f\u00e9d\u00e9ration de clubs informatique est en cours de d\u00e9ploiement et h\u00e9berg\u00e9s dans les centres de formation professionnelle (CFP) de la r\u00e9gion Casamance (S\u00e9n\u00e9gal). L\u2019objectif du projet\u2026","rel":"","context":"Article similaire","img":{"alt_text":"","src":"https:\/\/i0.wp.com\/codeurs-sans-frontieres.org\/wp-content\/uploads\/2019\/12\/Doudou_Souleyman.jpg?resize=350%2C200&ssl=1","width":350,"height":200},"classes":[]},{"id":505,"url":"https:\/\/codeurs-sans-frontieres.org\/?page_id=505","url_meta":{"origin":24,"position":1},"title":"Qu&rsquo;est ce qu&rsquo;un club informatique","date":"10 f\u00e9vrier 2022","format":false,"excerpt":"Un h\u00e9bergement (un local \u00e0 disposition dans un centre de formation ou lou\u00e9) Deux formateurs (temps plein, recrut\u00e9s et r\u00e9mun\u00e9r\u00e9s) et une vingtaine d'apprenants Un budget de 4 500 euros annuel pour faire fonctionner le club (bas\u00e9 sur 500 h de formation, cours, TP, projet)","rel":"","context":"Article similaire","img":{"alt_text":"","src":"https:\/\/i0.wp.com\/codeurs-sans-frontieres.org\/wp-content\/uploads\/2022\/02\/20211108_082153.jpg?resize=350%2C200&ssl=1","width":350,"height":200},"classes":[]},{"id":71,"url":"https:\/\/codeurs-sans-frontieres.org\/?page_id=71","url_meta":{"origin":24,"position":2},"title":"La formation au num\u00e9rique","date":"13 d\u00e9cembre 2019","format":false,"excerpt":"Le r\u00e9f\u00e9rentiel de la formation Les cours et travaux pratiques Les projets d\u00e9velopp\u00e9s","rel":"","context":"Article similaire","img":{"alt_text":"","src":"","width":0,"height":0},"classes":[]},{"id":184,"url":"https:\/\/codeurs-sans-frontieres.org\/?page_id=184","url_meta":{"origin":24,"position":3},"title":"JavaScript","date":"14 d\u00e9cembre 2019","format":false,"excerpt":"","rel":"","context":"Article similaire","img":{"alt_text":"","src":"","width":0,"height":0},"classes":[]},{"id":460,"url":"https:\/\/codeurs-sans-frontieres.org\/?page_id=460","url_meta":{"origin":24,"position":4},"title":"Python","date":"27 janvier 2021","format":false,"excerpt":"","rel":"","context":"Article similaire","img":{"alt_text":"","src":"","width":0,"height":0},"classes":[]},{"id":474,"url":"https:\/\/codeurs-sans-frontieres.org\/?page_id=474","url_meta":{"origin":24,"position":5},"title":"Java","date":"27 janvier 2021","format":false,"excerpt":"","rel":"","context":"Article similaire","img":{"alt_text":"","src":"","width":0,"height":0},"classes":[]}],"_links":{"self":[{"href":"https:\/\/codeurs-sans-frontieres.org\/index.php?rest_route=\/wp\/v2\/pages\/24"}],"collection":[{"href":"https:\/\/codeurs-sans-frontieres.org\/index.php?rest_route=\/wp\/v2\/pages"}],"about":[{"href":"https:\/\/codeurs-sans-frontieres.org\/index.php?rest_route=\/wp\/v2\/types\/page"}],"author":[{"embeddable":true,"href":"https:\/\/codeurs-sans-frontieres.org\/index.php?rest_route=\/wp\/v2\/users\/1"}],"replies":[{"embeddable":true,"href":"https:\/\/codeurs-sans-frontieres.org\/index.php?rest_route=%2Fwp%2Fv2%2Fcomments&post=24"}],"version-history":[{"count":0,"href":"https:\/\/codeurs-sans-frontieres.org\/index.php?rest_route=\/wp\/v2\/pages\/24\/revisions"}],"wp:attachment":[{"href":"https:\/\/codeurs-sans-frontieres.org\/index.php?rest_route=%2Fwp%2Fv2%2Fmedia&parent=24"}],"curies":[{"name":"wp","href":"https:\/\/api.w.org\/{rel}","templated":true}]}}