
   
{"id":267,"date":"2019-12-15T18:58:46","date_gmt":"2019-12-15T17:58:46","guid":{"rendered":"http:\/\/codeurs-sans-frontieres.org\/?page_id=267"},"modified":"2020-05-30T13:49:14","modified_gmt":"2020-05-30T11:49:14","slug":"espace-de-travail-phd","status":"publish","type":"page","link":"https:\/\/codeurs-sans-frontieres.org\/?page_id=267","title":{"rendered":"Espace de travail (PhD)"},"content":{"rendered":"","protected":true},"excerpt":{"rendered":"","protected":true},"author":1,"featured_media":0,"parent":24,"menu_order":0,"comment_status":"closed","ping_status":"closed","template":"","meta":{"spay_email":""},"jetpack-related-posts":[{"id":155,"url":"https:\/\/codeurs-sans-frontieres.org\/?page_id=155","url_meta":{"origin":267,"position":0},"title":"Projets d\u00e9velopp\u00e9s","date":"14 d\u00e9cembre 2019","format":false,"excerpt":"Voici quelques exemples de projets d\u00e9velopp\u00e9s ou en cours de d\u00e9veloppement : Applications disponibles : Exemple simple d'acc\u00e8s \u00e0 une base de donn\u00e9es MySQL (une seule table) Site de pr\u00e9sentation du CFP \u00e0 Ziguinchor (Site statique)Gestion des inscriptions d'un \u00e9tablissement (Site dynamique, connexion \u00e0 MySQL-PHP) Applications de E-Commerce Documents projet\u2026","rel":"","context":"Article similaire","img":{"alt_text":"","src":"","width":0,"height":0},"classes":[]},{"id":358,"url":"https:\/\/codeurs-sans-frontieres.org\/?page_id=358","url_meta":{"origin":267,"position":1},"title":"Panier","date":"19 mai 2020","format":false,"excerpt":"","rel":"","context":"Article similaire","img":{"alt_text":"","src":"","width":0,"height":0},"classes":[]},{"id":360,"url":"https:\/\/codeurs-sans-frontieres.org\/?page_id=360","url_meta":{"origin":267,"position":2},"title":"Mon compte","date":"19 mai 2020","format":false,"excerpt":"","rel":"","context":"Article similaire","img":{"alt_text":"","src":"","width":0,"height":0},"classes":[]},{"id":359,"url":"https:\/\/codeurs-sans-frontieres.org\/?page_id=359","url_meta":{"origin":267,"position":3},"title":"Validation de la commande","date":"19 mai 2020","format":false,"excerpt":"","rel":"","context":"Article similaire","img":{"alt_text":"","src":"","width":0,"height":0},"classes":[]},{"id":357,"url":"https:\/\/codeurs-sans-frontieres.org\/?page_id=357","url_meta":{"origin":267,"position":4},"title":"Boutique","date":"19 mai 2020","format":false,"excerpt":"Les produitsAchats aux producteursLe stock et les recettesLes ventes aux clients","rel":"","context":"Article similaire","img":{"alt_text":"","src":"","width":0,"height":0},"classes":[]},{"id":372,"url":"https:\/\/codeurs-sans-frontieres.org\/?page_id=372","url_meta":{"origin":267,"position":5},"title":"Page d&rsquo;accueil de l&rsquo;appli de E-Commerce (Casa Ecologie)","date":"19 mai 2020","format":false,"excerpt":"Achat par cat\u00e9gorie Nouveaut\u00e9s Produits pr\u00e9f\u00e9r\u00e9s de vos clients En vente Meilleurs produits","rel":"","context":"Article similaire","img":{"alt_text":"","src":"","width":0,"height":0},"classes":[]}],"_links":{"self":[{"href":"https:\/\/codeurs-sans-frontieres.org\/index.php?rest_route=\/wp\/v2\/pages\/267"}],"collection":[{"href":"https:\/\/codeurs-sans-frontieres.org\/index.php?rest_route=\/wp\/v2\/pages"}],"about":[{"href":"https:\/\/codeurs-sans-frontieres.org\/index.php?rest_route=\/wp\/v2\/types\/page"}],"author":[{"embeddable":true,"href":"https:\/\/codeurs-sans-frontieres.org\/index.php?rest_route=\/wp\/v2\/users\/1"}],"replies":[{"embeddable":true,"href":"https:\/\/codeurs-sans-frontieres.org\/index.php?rest_route=%2Fwp%2Fv2%2Fcomments&post=267"}],"version-history":[{"count":0,"href":"https:\/\/codeurs-sans-frontieres.org\/index.php?rest_route=\/wp\/v2\/pages\/267\/revisions"}],"up":[{"embeddable":true,"href":"https:\/\/codeurs-sans-frontieres.org\/index.php?rest_route=\/wp\/v2\/pages\/24"}],"wp:attachment":[{"href":"https:\/\/codeurs-sans-frontieres.org\/index.php?rest_route=%2Fwp%2Fv2%2Fmedia&parent=267"}],"curies":[{"name":"wp","href":"https:\/\/api.w.org\/{rel}","templated":true}]}}