
   
{"id":505,"date":"2022-02-10T17:22:02","date_gmt":"2022-02-10T16:22:02","guid":{"rendered":"http:\/\/codeurs-sans-frontieres.org\/?page_id=505"},"modified":"2022-02-10T18:51:40","modified_gmt":"2022-02-10T17:51:40","slug":"quest-ce-quun-club-informatique","status":"publish","type":"page","link":"https:\/\/codeurs-sans-frontieres.org\/?page_id=505","title":{"rendered":"Qu&rsquo;est ce qu&rsquo;un club informatique"},"content":{"rendered":"\n<div class=\"wp-block-media-text alignwide is-stacked-on-mobile\"><figure class=\"wp-block-media-text__media\"><img loading=\"lazy\" width=\"1024\" height=\"576\" src=\"http:\/\/codeurs-sans-frontieres.org\/wp-content\/uploads\/2022\/02\/20211108_082153-1024x576.jpg\" alt=\"\" class=\"wp-image-506 size-full\" srcset=\"https:\/\/codeurs-sans-frontieres.org\/wp-content\/uploads\/2022\/02\/20211108_082153-1024x576.jpg 1024w, https:\/\/codeurs-sans-frontieres.org\/wp-content\/uploads\/2022\/02\/20211108_082153-300x169.jpg 300w, https:\/\/codeurs-sans-frontieres.org\/wp-content\/uploads\/2022\/02\/20211108_082153-768x432.jpg 768w, https:\/\/codeurs-sans-frontieres.org\/wp-content\/uploads\/2022\/02\/20211108_082153-1536x864.jpg 1536w, https:\/\/codeurs-sans-frontieres.org\/wp-content\/uploads\/2022\/02\/20211108_082153-600x338.jpg 600w, https:\/\/codeurs-sans-frontieres.org\/wp-content\/uploads\/2022\/02\/20211108_082153-107x60.jpg 107w, https:\/\/codeurs-sans-frontieres.org\/wp-content\/uploads\/2022\/02\/20211108_082153-160x90.jpg 160w, https:\/\/codeurs-sans-frontieres.org\/wp-content\/uploads\/2022\/02\/20211108_082153.jpg 2048w\" sizes=\"(max-width: 1024px) 100vw, 1024px\" \/><\/figure><div class=\"wp-block-media-text__content\">\n<p class=\"has-medium-font-size\">Un h\u00e9bergement (un local \u00e0 disposition dans un centre de formation ou lou\u00e9)<\/p>\n<\/div><\/div>\n\n\n\n<div class=\"wp-block-media-text alignwide has-media-on-the-right is-stacked-on-mobile\"><figure class=\"wp-block-media-text__media\"><img loading=\"lazy\" width=\"1024\" height=\"576\" src=\"http:\/\/codeurs-sans-frontieres.org\/wp-content\/uploads\/2022\/02\/Mamadou_Ibrahima-1024x576.jpg\" alt=\"\" class=\"wp-image-508 size-full\" srcset=\"https:\/\/codeurs-sans-frontieres.org\/wp-content\/uploads\/2022\/02\/Mamadou_Ibrahima-1024x576.jpg 1024w, https:\/\/codeurs-sans-frontieres.org\/wp-content\/uploads\/2022\/02\/Mamadou_Ibrahima-300x169.jpg 300w, https:\/\/codeurs-sans-frontieres.org\/wp-content\/uploads\/2022\/02\/Mamadou_Ibrahima-768x432.jpg 768w, https:\/\/codeurs-sans-frontieres.org\/wp-content\/uploads\/2022\/02\/Mamadou_Ibrahima-1536x864.jpg 1536w, https:\/\/codeurs-sans-frontieres.org\/wp-content\/uploads\/2022\/02\/Mamadou_Ibrahima-600x338.jpg 600w, https:\/\/codeurs-sans-frontieres.org\/wp-content\/uploads\/2022\/02\/Mamadou_Ibrahima-107x60.jpg 107w, https:\/\/codeurs-sans-frontieres.org\/wp-content\/uploads\/2022\/02\/Mamadou_Ibrahima-160x90.jpg 160w, https:\/\/codeurs-sans-frontieres.org\/wp-content\/uploads\/2022\/02\/Mamadou_Ibrahima.jpg 2048w\" sizes=\"(max-width: 1024px) 100vw, 1024px\" \/><\/figure><div class=\"wp-block-media-text__content\">\n<p class=\"has-medium-font-size\">Deux formateurs (temps plein, recrut\u00e9s et r\u00e9mun\u00e9r\u00e9s) et une vingtaine d&rsquo;apprenants<\/p>\n<\/div><\/div>\n\n\n\n<p>Un budget de 4 500 euros annuel pour faire fonctionner le club (bas\u00e9 sur 500 h  de formation, cours, TP, projet)<\/p>\n","protected":false},"excerpt":{"rendered":"<p>Un h\u00e9bergement (un local \u00e0 disposition dans un centre de formation ou lou\u00e9) Deux formateurs (temps plein, recrut\u00e9s et r\u00e9mun\u00e9r\u00e9s) et une vingtaine d&rsquo;apprenants Un budget de 4 500 euros annuel pour faire fonctionner le club (bas\u00e9 sur 500 h de formation, cours, TP, projet)<\/p>\n","protected":false},"author":1,"featured_media":0,"parent":0,"menu_order":0,"comment_status":"closed","ping_status":"closed","template":"","meta":{"spay_email":""},"jetpack-related-posts":[{"id":67,"url":"https:\/\/codeurs-sans-frontieres.org\/?page_id=67","url_meta":{"origin":505,"position":0},"title":"F\u00e9d\u00e9ration de Clubs Informatique (FCI)","date":"13 d\u00e9cembre 2019","format":false,"excerpt":"\u00ab Accompagner les Centres de Formation Professionnelle de Casamance vers les opportunit\u00e9s num\u00e9riques \u00bb (S\u00e9n\u00e9gal) \u00bb Vers une F\u00e9d\u00e9ration de Clubs Informatique (FCI) La f\u00e9d\u00e9ration de clubs informatique est en cours de d\u00e9ploiement et h\u00e9berg\u00e9s dans les centres de formation professionnelle (CFP) de la r\u00e9gion Casamance (S\u00e9n\u00e9gal). L\u2019objectif du projet\u2026","rel":"","context":"Article similaire","img":{"alt_text":"","src":"https:\/\/i0.wp.com\/codeurs-sans-frontieres.org\/wp-content\/uploads\/2019\/12\/Doudou_Souleyman.jpg?resize=350%2C200&ssl=1","width":350,"height":200},"classes":[]},{"id":24,"url":"https:\/\/codeurs-sans-frontieres.org\/","url_meta":{"origin":505,"position":1},"title":"Association \u00ab\u00a0Codeuses Codeurs Sans Fronti\u00e8res\u00a0\u00bb","date":"13 d\u00e9cembre 2019","format":false,"excerpt":"Un r\u00e9seau de clubs informatiques en Casamance pour : Accompagner des partenaires dans le domaine de la formation au num\u00e9rique (Apprentissage au codage informatique) Aider \u00e0 former des jeunes, filles et gar\u00e7ons, aux m\u00e9tiers du num\u00e9rique et de l\u2019internet Transmettre des comp\u00e9tences pour pouvoir d\u00e9velopper, sur leurs territoires, des activit\u00e9s\u2026","rel":"","context":"Article similaire","img":{"alt_text":"","src":"https:\/\/i0.wp.com\/codeurs-sans-frontieres.org\/wp-content\/uploads\/2022\/02\/grpeFilles1.jpg?resize=350%2C200&ssl=1","width":350,"height":200},"classes":[]},{"id":517,"url":"https:\/\/codeurs-sans-frontieres.org\/?page_id=517","url_meta":{"origin":505,"position":2},"title":"Actualit\u00e9s dans les clubs de Casamance","date":"10 f\u00e9vrier 2022","format":false,"excerpt":"Le 2 f\u00e9vrier 2026, un nouveau dispositif de formation dans le quartier de LYNDIANE \u00e0 Ziguinchor. Avec l'appui du Comit\u00e9 d'Initiative pour le D\u00e9veloppement de Lyndiane et la municipalit\u00e9 de Ziguinchor Contact coordinateur : Philippe Dhaussy, phdhaussy@gmail.com","rel":"","context":"Article similaire","img":{"alt_text":"","src":"","width":0,"height":0},"classes":[]},{"id":153,"url":"https:\/\/codeurs-sans-frontieres.org\/?page_id=153","url_meta":{"origin":505,"position":3},"title":"Enseignement","date":"14 d\u00e9cembre 2019","format":false,"excerpt":"Langages Acc\u00e8s \u00e0 des tutoriaux et travaux pratiques pour les langages : HTML - CSS, JavaScript, PHP-MySQL M\u00e9thodes de d\u00e9veloppement A compl\u00e9ter .... Projets d\u00e9velopp\u00e9s","rel":"","context":"Article similaire","img":{"alt_text":"","src":"","width":0,"height":0},"classes":[]},{"id":155,"url":"https:\/\/codeurs-sans-frontieres.org\/?page_id=155","url_meta":{"origin":505,"position":4},"title":"Projets d\u00e9velopp\u00e9s","date":"14 d\u00e9cembre 2019","format":false,"excerpt":"Voici quelques exemples de projets d\u00e9velopp\u00e9s ou en cours de d\u00e9veloppement : Applications disponibles : Exemple simple d'acc\u00e8s \u00e0 une base de donn\u00e9es MySQL (une seule table) Site de pr\u00e9sentation du CFP \u00e0 Ziguinchor (Site statique)Gestion des inscriptions d'un \u00e9tablissement (Site dynamique, connexion \u00e0 MySQL-PHP) Applications de E-Commerce Documents projet\u2026","rel":"","context":"Article similaire","img":{"alt_text":"","src":"","width":0,"height":0},"classes":[]},{"id":71,"url":"https:\/\/codeurs-sans-frontieres.org\/?page_id=71","url_meta":{"origin":505,"position":5},"title":"La formation au num\u00e9rique","date":"13 d\u00e9cembre 2019","format":false,"excerpt":"Le r\u00e9f\u00e9rentiel de la formation Les cours et travaux pratiques Les projets d\u00e9velopp\u00e9s","rel":"","context":"Article similaire","img":{"alt_text":"","src":"","width":0,"height":0},"classes":[]}],"_links":{"self":[{"href":"https:\/\/codeurs-sans-frontieres.org\/index.php?rest_route=\/wp\/v2\/pages\/505"}],"collection":[{"href":"https:\/\/codeurs-sans-frontieres.org\/index.php?rest_route=\/wp\/v2\/pages"}],"about":[{"href":"https:\/\/codeurs-sans-frontieres.org\/index.php?rest_route=\/wp\/v2\/types\/page"}],"author":[{"embeddable":true,"href":"https:\/\/codeurs-sans-frontieres.org\/index.php?rest_route=\/wp\/v2\/users\/1"}],"replies":[{"embeddable":true,"href":"https:\/\/codeurs-sans-frontieres.org\/index.php?rest_route=%2Fwp%2Fv2%2Fcomments&post=505"}],"version-history":[{"count":0,"href":"https:\/\/codeurs-sans-frontieres.org\/index.php?rest_route=\/wp\/v2\/pages\/505\/revisions"}],"wp:attachment":[{"href":"https:\/\/codeurs-sans-frontieres.org\/index.php?rest_route=%2Fwp%2Fv2%2Fmedia&parent=505"}],"curies":[{"name":"wp","href":"https:\/\/api.w.org\/{rel}","templated":true}]}}