
   
{"id":517,"date":"2022-02-10T18:14:05","date_gmt":"2022-02-10T17:14:05","guid":{"rendered":"http:\/\/codeurs-sans-frontieres.org\/?page_id=517"},"modified":"2026-01-18T15:27:44","modified_gmt":"2026-01-18T14:27:44","slug":"actualites-dans-les-clubs-de-casamance","status":"publish","type":"page","link":"https:\/\/codeurs-sans-frontieres.org\/?page_id=517","title":{"rendered":"Actualit\u00e9s dans les clubs de Casamance"},"content":{"rendered":"\n<p class=\"has-medium-font-size\"><\/p>\n\n\n\n<p class=\"has-medium-font-size\"><strong>Le 2 f\u00e9vrier 2026, un nouveau dispositif de formation dans le quartier de LYNDIANE \u00e0 Ziguinchor<\/strong>.<\/p>\n\n\n\n<p>Avec l&rsquo;appui du Comit\u00e9 d&rsquo;Initiative pour le D\u00e9veloppement de Lyndiane et la municipalit\u00e9 de Ziguinchor<\/p>\n\n\n\n<p class=\"has-medium-font-size\"><img loading=\"lazy\" width=\"960\" height=\"720\" class=\"wp-image-576\" style=\"width: 700px;\" src=\"http:\/\/codeurs-sans-frontieres.org\/wp-content\/uploads\/2026\/01\/ouverture_Lyndiane.png\" alt=\"\" srcset=\"https:\/\/codeurs-sans-frontieres.org\/wp-content\/uploads\/2026\/01\/ouverture_Lyndiane.png 960w, https:\/\/codeurs-sans-frontieres.org\/wp-content\/uploads\/2026\/01\/ouverture_Lyndiane-300x225.png 300w, https:\/\/codeurs-sans-frontieres.org\/wp-content\/uploads\/2026\/01\/ouverture_Lyndiane-768x576.png 768w, https:\/\/codeurs-sans-frontieres.org\/wp-content\/uploads\/2026\/01\/ouverture_Lyndiane-600x450.png 600w\" sizes=\"(max-width: 960px) 100vw, 960px\" \/><\/p>\n\n\n\n<p class=\"has-medium-font-size\">Contact coordinateur : Philippe Dhaussy, phdhaussy@gmail.com<\/p>\n","protected":false},"excerpt":{"rendered":"<p>Le 2 f\u00e9vrier 2026, un nouveau dispositif de formation dans le quartier de LYNDIANE \u00e0 Ziguinchor. Avec l&rsquo;appui du Comit\u00e9 d&rsquo;Initiative pour le D\u00e9veloppement de Lyndiane et la municipalit\u00e9 de Ziguinchor Contact coordinateur : Philippe Dhaussy, phdhaussy@gmail.com<\/p>\n","protected":false},"author":1,"featured_media":0,"parent":0,"menu_order":0,"comment_status":"closed","ping_status":"closed","template":"","meta":{"spay_email":""},"jetpack-related-posts":[{"id":67,"url":"https:\/\/codeurs-sans-frontieres.org\/?page_id=67","url_meta":{"origin":517,"position":0},"title":"F\u00e9d\u00e9ration de Clubs Informatique (FCI)","date":"13 d\u00e9cembre 2019","format":false,"excerpt":"\u00ab Accompagner les Centres de Formation Professionnelle de Casamance vers les opportunit\u00e9s num\u00e9riques \u00bb (S\u00e9n\u00e9gal) \u00bb Vers une F\u00e9d\u00e9ration de Clubs Informatique (FCI) La f\u00e9d\u00e9ration de clubs informatique est en cours de d\u00e9ploiement et h\u00e9berg\u00e9s dans les centres de formation professionnelle (CFP) de la r\u00e9gion Casamance (S\u00e9n\u00e9gal). L\u2019objectif du projet\u2026","rel":"","context":"Article similaire","img":{"alt_text":"","src":"https:\/\/i0.wp.com\/codeurs-sans-frontieres.org\/wp-content\/uploads\/2019\/12\/Doudou_Souleyman.jpg?resize=350%2C200&ssl=1","width":350,"height":200},"classes":[]},{"id":24,"url":"https:\/\/codeurs-sans-frontieres.org\/","url_meta":{"origin":517,"position":1},"title":"Association \u00ab\u00a0Codeuses Codeurs Sans Fronti\u00e8res\u00a0\u00bb","date":"13 d\u00e9cembre 2019","format":false,"excerpt":"Un r\u00e9seau de clubs informatiques en Casamance pour : Accompagner des partenaires dans le domaine de la formation au num\u00e9rique (Apprentissage au codage informatique) Aider \u00e0 former des jeunes, filles et gar\u00e7ons, aux m\u00e9tiers du num\u00e9rique et de l\u2019internet Transmettre des comp\u00e9tences pour pouvoir d\u00e9velopper, sur leurs territoires, des activit\u00e9s\u2026","rel":"","context":"Article similaire","img":{"alt_text":"","src":"https:\/\/i0.wp.com\/codeurs-sans-frontieres.org\/wp-content\/uploads\/2022\/02\/grpeFilles1.jpg?resize=350%2C200&ssl=1","width":350,"height":200},"classes":[]},{"id":155,"url":"https:\/\/codeurs-sans-frontieres.org\/?page_id=155","url_meta":{"origin":517,"position":2},"title":"Projets d\u00e9velopp\u00e9s","date":"14 d\u00e9cembre 2019","format":false,"excerpt":"Voici quelques exemples de projets d\u00e9velopp\u00e9s ou en cours de d\u00e9veloppement : Applications disponibles : Exemple simple d'acc\u00e8s \u00e0 une base de donn\u00e9es MySQL (une seule table) Site de pr\u00e9sentation du CFP \u00e0 Ziguinchor (Site statique)Gestion des inscriptions d'un \u00e9tablissement (Site dynamique, connexion \u00e0 MySQL-PHP) Applications de E-Commerce Documents projet\u2026","rel":"","context":"Article similaire","img":{"alt_text":"","src":"","width":0,"height":0},"classes":[]}],"_links":{"self":[{"href":"https:\/\/codeurs-sans-frontieres.org\/index.php?rest_route=\/wp\/v2\/pages\/517"}],"collection":[{"href":"https:\/\/codeurs-sans-frontieres.org\/index.php?rest_route=\/wp\/v2\/pages"}],"about":[{"href":"https:\/\/codeurs-sans-frontieres.org\/index.php?rest_route=\/wp\/v2\/types\/page"}],"author":[{"embeddable":true,"href":"https:\/\/codeurs-sans-frontieres.org\/index.php?rest_route=\/wp\/v2\/users\/1"}],"replies":[{"embeddable":true,"href":"https:\/\/codeurs-sans-frontieres.org\/index.php?rest_route=%2Fwp%2Fv2%2Fcomments&post=517"}],"version-history":[{"count":0,"href":"https:\/\/codeurs-sans-frontieres.org\/index.php?rest_route=\/wp\/v2\/pages\/517\/revisions"}],"wp:attachment":[{"href":"https:\/\/codeurs-sans-frontieres.org\/index.php?rest_route=%2Fwp%2Fv2%2Fmedia&parent=517"}],"curies":[{"name":"wp","href":"https:\/\/api.w.org\/{rel}","templated":true}]}}