
   
{"id":529,"date":"2022-02-10T18:43:58","date_gmt":"2022-02-10T17:43:58","guid":{"rendered":"http:\/\/codeurs-sans-frontieres.org\/?page_id=529"},"modified":"2022-02-11T16:43:13","modified_gmt":"2022-02-11T15:43:13","slug":"contacter-nous","status":"publish","type":"page","link":"https:\/\/codeurs-sans-frontieres.org\/?page_id=529","title":{"rendered":"Contacter nous"},"content":{"rendered":"\n<div class=\"wp-block-media-text alignwide is-stacked-on-mobile\" style=\"grid-template-columns:15% auto\"><figure class=\"wp-block-media-text__media\"><img loading=\"lazy\" width=\"200\" height=\"283\" src=\"https:\/\/codeurs-sans-frontieres.org\/wp-content\/uploads\/2022\/02\/logos_CSF_GREF.jpg\" alt=\"\" class=\"wp-image-536 size-full\" srcset=\"https:\/\/codeurs-sans-frontieres.org\/wp-content\/uploads\/2022\/02\/logos_CSF_GREF.jpg 200w, https:\/\/codeurs-sans-frontieres.org\/wp-content\/uploads\/2022\/02\/logos_CSF_GREF-42x60.jpg 42w, https:\/\/codeurs-sans-frontieres.org\/wp-content\/uploads\/2022\/02\/logos_CSF_GREF-64x90.jpg 64w\" sizes=\"(max-width: 200px) 100vw, 200px\" \/><\/figure><div class=\"wp-block-media-text__content\">\n<p class=\"has-medium-font-size\">c<strong>ontact@codeurs-sans-frontieres.org<\/strong><\/p>\n\n\n\n<p>ou<\/p>\n\n\n\n<p>phdhaussy@gmail.com<\/p>\n<\/div><\/div>\n\n\n\n<p><\/p>\n","protected":false},"excerpt":{"rendered":"<p>contact@codeurs-sans-frontieres.org ou phdhaussy@gmail.com<\/p>\n","protected":false},"author":1,"featured_media":0,"parent":0,"menu_order":0,"comment_status":"closed","ping_status":"closed","template":"","meta":{"spay_email":""},"jetpack-related-posts":[{"id":517,"url":"https:\/\/codeurs-sans-frontieres.org\/?page_id=517","url_meta":{"origin":529,"position":0},"title":"Actualit\u00e9s dans les clubs de Casamance","date":"10 f\u00e9vrier 2022","format":false,"excerpt":"Le 2 f\u00e9vrier 2026, un nouveau dispositif de formation dans le quartier de LYNDIANE \u00e0 Ziguinchor. Avec l'appui du Comit\u00e9 d'Initiative pour le D\u00e9veloppement de Lyndiane et la municipalit\u00e9 de Ziguinchor Contact coordinateur : Philippe Dhaussy, phdhaussy@gmail.com","rel":"","context":"Article similaire","img":{"alt_text":"","src":"","width":0,"height":0},"classes":[]},{"id":352,"url":"https:\/\/codeurs-sans-frontieres.org\/?page_id=352","url_meta":{"origin":529,"position":1},"title":"D\u00e9connexion","date":"4 avril 2020","format":false,"excerpt":"Pour se d\u00e9connecter, cliquer Ici","rel":"","context":"Article similaire","img":{"alt_text":"","src":"","width":0,"height":0},"classes":[]},{"id":184,"url":"https:\/\/codeurs-sans-frontieres.org\/?page_id=184","url_meta":{"origin":529,"position":2},"title":"JavaScript","date":"14 d\u00e9cembre 2019","format":false,"excerpt":"","rel":"","context":"Article similaire","img":{"alt_text":"","src":"","width":0,"height":0},"classes":[]},{"id":460,"url":"https:\/\/codeurs-sans-frontieres.org\/?page_id=460","url_meta":{"origin":529,"position":3},"title":"Python","date":"27 janvier 2021","format":false,"excerpt":"","rel":"","context":"Article similaire","img":{"alt_text":"","src":"","width":0,"height":0},"classes":[]},{"id":474,"url":"https:\/\/codeurs-sans-frontieres.org\/?page_id=474","url_meta":{"origin":529,"position":4},"title":"Java","date":"27 janvier 2021","format":false,"excerpt":"","rel":"","context":"Article similaire","img":{"alt_text":"","src":"","width":0,"height":0},"classes":[]},{"id":69,"url":"https:\/\/codeurs-sans-frontieres.org\/?page_id=69","url_meta":{"origin":529,"position":5},"title":"Nos partenaires","date":"13 d\u00e9cembre 2019","format":false,"excerpt":"Partenaires institutionnels, CFP ONG, Associations Entreprises, M\u00e9c\u00e8nes, Sponsors","rel":"","context":"Article similaire","img":{"alt_text":"","src":"","width":0,"height":0},"classes":[]}],"_links":{"self":[{"href":"https:\/\/codeurs-sans-frontieres.org\/index.php?rest_route=\/wp\/v2\/pages\/529"}],"collection":[{"href":"https:\/\/codeurs-sans-frontieres.org\/index.php?rest_route=\/wp\/v2\/pages"}],"about":[{"href":"https:\/\/codeurs-sans-frontieres.org\/index.php?rest_route=\/wp\/v2\/types\/page"}],"author":[{"embeddable":true,"href":"https:\/\/codeurs-sans-frontieres.org\/index.php?rest_route=\/wp\/v2\/users\/1"}],"replies":[{"embeddable":true,"href":"https:\/\/codeurs-sans-frontieres.org\/index.php?rest_route=%2Fwp%2Fv2%2Fcomments&post=529"}],"version-history":[{"count":0,"href":"https:\/\/codeurs-sans-frontieres.org\/index.php?rest_route=\/wp\/v2\/pages\/529\/revisions"}],"wp:attachment":[{"href":"https:\/\/codeurs-sans-frontieres.org\/index.php?rest_route=%2Fwp%2Fv2%2Fmedia&parent=529"}],"curies":[{"name":"wp","href":"https:\/\/api.w.org\/{rel}","templated":true}]}}