
   
{"id":71,"date":"2019-12-13T18:58:13","date_gmt":"2019-12-13T17:58:13","guid":{"rendered":"http:\/\/codeurs-sans-frontieres.org\/?page_id=71"},"modified":"2022-02-11T18:02:16","modified_gmt":"2022-02-11T17:02:16","slug":"la-formation-au-numerique","status":"publish","type":"page","link":"https:\/\/codeurs-sans-frontieres.org\/?page_id=71","title":{"rendered":"La formation au num\u00e9rique"},"content":{"rendered":"\n<p><strong>Le <a href=\"http:\/\/codeurs-sans-frontieres.org\/wp-content\/uploads\/2022\/02\/2022_02_11_CSF_FCI_contenu_Formation.pdf\" target=\"_blank\" rel=\"noreferrer noopener\">r\u00e9f\u00e9rentiel de la formation<\/a><\/strong><\/p>\n\n\n\n<p><strong>Les <a href=\"http:\/\/codeurs-sans-frontieres.org\/?page_id=153\">cours et travaux pratiques<\/a><\/strong><\/p>\n\n\n\n<p><strong>Les <a href=\"http:\/\/codeurs-sans-frontieres.org\/?page_id=155\">projets d\u00e9velopp\u00e9s<\/a><\/strong><\/p>\n","protected":false},"excerpt":{"rendered":"<p>Le r\u00e9f\u00e9rentiel de la formation Les cours et travaux pratiques Les projets d\u00e9velopp\u00e9s<\/p>\n","protected":false},"author":1,"featured_media":0,"parent":24,"menu_order":0,"comment_status":"closed","ping_status":"closed","template":"","meta":{"spay_email":""},"jetpack-related-posts":[{"id":153,"url":"https:\/\/codeurs-sans-frontieres.org\/?page_id=153","url_meta":{"origin":71,"position":0},"title":"Enseignement","date":"14 d\u00e9cembre 2019","format":false,"excerpt":"Langages Acc\u00e8s \u00e0 des tutoriaux et travaux pratiques pour les langages : HTML - CSS, JavaScript, PHP-MySQL M\u00e9thodes de d\u00e9veloppement A compl\u00e9ter .... Projets d\u00e9velopp\u00e9s","rel":"","context":"Article similaire","img":{"alt_text":"","src":"","width":0,"height":0},"classes":[]},{"id":358,"url":"https:\/\/codeurs-sans-frontieres.org\/?page_id=358","url_meta":{"origin":71,"position":1},"title":"Panier","date":"19 mai 2020","format":false,"excerpt":"","rel":"","context":"Article similaire","img":{"alt_text":"","src":"","width":0,"height":0},"classes":[]},{"id":360,"url":"https:\/\/codeurs-sans-frontieres.org\/?page_id=360","url_meta":{"origin":71,"position":2},"title":"Mon compte","date":"19 mai 2020","format":false,"excerpt":"","rel":"","context":"Article similaire","img":{"alt_text":"","src":"","width":0,"height":0},"classes":[]},{"id":359,"url":"https:\/\/codeurs-sans-frontieres.org\/?page_id=359","url_meta":{"origin":71,"position":3},"title":"Validation de la commande","date":"19 mai 2020","format":false,"excerpt":"","rel":"","context":"Article similaire","img":{"alt_text":"","src":"","width":0,"height":0},"classes":[]},{"id":357,"url":"https:\/\/codeurs-sans-frontieres.org\/?page_id=357","url_meta":{"origin":71,"position":4},"title":"Boutique","date":"19 mai 2020","format":false,"excerpt":"Les produitsAchats aux producteursLe stock et les recettesLes ventes aux clients","rel":"","context":"Article similaire","img":{"alt_text":"","src":"","width":0,"height":0},"classes":[]},{"id":372,"url":"https:\/\/codeurs-sans-frontieres.org\/?page_id=372","url_meta":{"origin":71,"position":5},"title":"Page d&rsquo;accueil de l&rsquo;appli de E-Commerce (Casa Ecologie)","date":"19 mai 2020","format":false,"excerpt":"Achat par cat\u00e9gorie Nouveaut\u00e9s Produits pr\u00e9f\u00e9r\u00e9s de vos clients En vente Meilleurs produits","rel":"","context":"Article similaire","img":{"alt_text":"","src":"","width":0,"height":0},"classes":[]}],"_links":{"self":[{"href":"https:\/\/codeurs-sans-frontieres.org\/index.php?rest_route=\/wp\/v2\/pages\/71"}],"collection":[{"href":"https:\/\/codeurs-sans-frontieres.org\/index.php?rest_route=\/wp\/v2\/pages"}],"about":[{"href":"https:\/\/codeurs-sans-frontieres.org\/index.php?rest_route=\/wp\/v2\/types\/page"}],"author":[{"embeddable":true,"href":"https:\/\/codeurs-sans-frontieres.org\/index.php?rest_route=\/wp\/v2\/users\/1"}],"replies":[{"embeddable":true,"href":"https:\/\/codeurs-sans-frontieres.org\/index.php?rest_route=%2Fwp%2Fv2%2Fcomments&post=71"}],"version-history":[{"count":0,"href":"https:\/\/codeurs-sans-frontieres.org\/index.php?rest_route=\/wp\/v2\/pages\/71\/revisions"}],"up":[{"embeddable":true,"href":"https:\/\/codeurs-sans-frontieres.org\/index.php?rest_route=\/wp\/v2\/pages\/24"}],"wp:attachment":[{"href":"https:\/\/codeurs-sans-frontieres.org\/index.php?rest_route=%2Fwp%2Fv2%2Fmedia&parent=71"}],"curies":[{"name":"wp","href":"https:\/\/api.w.org\/{rel}","templated":true}]}}